{"id":8,"date":"2021-10-19T17:03:52","date_gmt":"2021-10-19T17:03:52","guid":{"rendered":"https:\/\/listinghive.hivepress.io\/?page_id=8"},"modified":"2025-10-31T10:13:13","modified_gmt":"2025-10-31T10:13:13","slug":"home","status":"publish","type":"page","link":"https:\/\/spotinu.com\/en\/","title":{"rendered":"Parkingo aik\u0161tel\u0117s"},"content":{"rendered":"<h1 class=\"wp-block-heading has-text-align-center\">Spotinu &#8211; i\u0161sinuomok viet\u0105 automobiliui Lietuvoje.<\/h1>\n\n\n\n<h2 class=\"wp-block-heading has-text-align-center has-medium-font-size\">Turi laisv\u0105 parkavimo viet\u0105? I\u0161nuomok j\u0105 ir u\u017esidirbk. Parkingo aik\u0161tel\u0117s tavo mieste.<\/h2>\n\n\n\n<!--more-->\n<!--noteaser-->\n\n\n <form class=\"hp-form--wide hp-form--primary hp-block hp-form hp-form--listing-search\" action=\"https:\/\/spotinu.com\/en\/\" method=\"GET\" data-component=\"form\" data-trp-original-action=\"https:\/\/spotinu.com\/en\"><div class=\"hp-form__messages\" data-component=\"messages\"><\/div><div class=\"hp-form__fields\"><input type=\"hidden\" name=\"post_type\" value=\"hp_listing\" class=\"hp-field hp-field--hidden\"><input type=\"hidden\" name=\"latitude\" value=\"\" data-coordinate=\"lat\" class=\"hp-field hp-field--hidden\"><input type=\"hidden\" name=\"longitude\" value=\"\" data-coordinate=\"lng\" class=\"hp-field hp-field--hidden\"><select name=\"_category\" class=\"hp-field hp-field--hidden\"><option value=\"\">All Categories<\/option><option value=\"26\">Sand\u0117liavimui ir ma\u017eoms transporto priemon\u0117ms<\/option><option value=\"58\">Ilgesn\u0117 nuoma (nuo 1 paros)<\/option><option value=\"28\">Automobiliams lauke<\/option><option value=\"20\">Automobiliams po stogu<\/option><\/select><div class=\"hp-form__field hp-form__field--search\"><input type=\"search\" name=\"s\" value=\"\" placeholder=\"Keywords\" maxlength=\"256\" class=\"hp-field hp-field--search\"><\/div><div class=\"hp-form__field hp-form__field--location\"><div data-format=\"\" data-countries=\"[]\" data-region-types=\"[&quot;locality&quot;,&quot;administrative_area_level_2&quot;,&quot;administrative_area_level_1&quot;,&quot;country&quot;]\" data-component=\"location\" class=\"hp-field hp-field--location\"><input type=\"text\" name=\"location\" value=\"\" autocomplete=\"off\" placeholder=\"Location\" maxlength=\"256\" class=\"hp-field hp-field--text\"><a href=\"#\" title=\"Locate Me\"><i class=\"hp-icon fas fa-location-arrow\"><\/i><\/a><\/div><\/div><\/div><div class=\"hp-form__footer\"><button type=\"submit\" class=\"hp-form__button button-primary alt button hp-field hp-field--submit\"><span>Search<\/span><\/button><\/div><input type=\"hidden\" name=\"trp-form-language\" value=\"en\"\/><\/form>\n\n\n<div style=\"height:1px\" aria-hidden=\"true\" class=\"wp-block-spacer\"><\/div>\n\n\n\n<h2 class=\"wp-block-heading has-text-align-center content-title\">Skelbim\u0173 kategorijos<\/h2>\n\n\n <div class=\"hp-listing-categories hp-grid hp-block\"><div class=\"hp-row\"><div class=\"hp-grid__item hp-col-sm-3 hp-col-xs-12\"><article class=\"hp-listing-category hp-listing-category--view-block\"><header class=\"hp-listing-category__header\"><div class=\"hp-listing-category__image\">\n\t<a href=\"https:\/\/spotinu.com\/en\/listing-category\/sandeliavimui-ir-mazoms-transporto-priemonems\/\">\n\t\t\t\t\t<img decoding=\"async\" src=\"https:\/\/spotinu.com\/wp-content\/uploads\/2025\/10\/sandeliukai-400x533.jpg\" alt=\"Sand\u0117liavimui ir ma\u017eoms transporto priemon\u0117ms\" loading=\"lazy\">\n\t\t\t<\/a>\n<\/div>\n<div class=\"hp-listing-category__item-count hp-listing-category__count\">0 Listings<\/div>\n<\/header><div class=\"hp-listing-category__content\"><h3 class=\"hp-listing-category__name\"><a href=\"https:\/\/spotinu.com\/en\/listing-category\/sandeliavimui-ir-mazoms-transporto-priemonems\/\">Sand\u0117liavimui ir ma\u017eoms transporto priemon\u0117ms<\/a>\n<\/h3><div class=\"hp-listing-category__details hp-listing-category__details--primary\"><\/div><\/div><\/article><\/div><div class=\"hp-grid__item hp-col-sm-3 hp-col-xs-12\"><article class=\"hp-listing-category hp-listing-category--view-block\"><header class=\"hp-listing-category__header\"><div class=\"hp-listing-category__image\">\n\t<a href=\"https:\/\/spotinu.com\/en\/listing-category\/ilgesne-nuoma-nuo-1-paros\/\">\n\t\t\t\t\t<img decoding=\"async\" src=\"https:\/\/spotinu.com\/wp-content\/uploads\/2025\/10\/ilgalaike-nuoma-400x533.jpg\" alt=\"Ilgesn\u0117 nuoma (nuo 1 paros)\" loading=\"lazy\">\n\t\t\t<\/a>\n<\/div>\n<div class=\"hp-listing-category__item-count hp-listing-category__count\">1 Listing<\/div>\n<\/header><div class=\"hp-listing-category__content\"><h3 class=\"hp-listing-category__name\"><a href=\"https:\/\/spotinu.com\/en\/listing-category\/ilgesne-nuoma-nuo-1-paros\/\">Ilgesn\u0117 nuoma (nuo 1 paros)<\/a>\n<\/h3><div class=\"hp-listing-category__details hp-listing-category__details--primary\"><\/div><\/div><\/article><\/div><div class=\"hp-grid__item hp-col-sm-3 hp-col-xs-12\"><article class=\"hp-listing-category hp-listing-category--view-block\"><header class=\"hp-listing-category__header\"><div class=\"hp-listing-category__image\">\n\t<a href=\"https:\/\/spotinu.com\/en\/listing-category\/automobiliams-lauke\/\">\n\t\t\t\t\t<img decoding=\"async\" src=\"https:\/\/spotinu.com\/wp-content\/uploads\/2025\/10\/atviros-aikst-400x533.jpg\" alt=\"Automobiliams lauke\" loading=\"lazy\">\n\t\t\t<\/a>\n<\/div>\n<div class=\"hp-listing-category__item-count hp-listing-category__count\">0 Listings<\/div>\n<\/header><div class=\"hp-listing-category__content\"><h3 class=\"hp-listing-category__name\"><a href=\"https:\/\/spotinu.com\/en\/listing-category\/automobiliams-lauke\/\">Automobiliams lauke<\/a>\n<\/h3><div class=\"hp-listing-category__details hp-listing-category__details--primary\"><\/div><\/div><\/article><\/div><div class=\"hp-grid__item hp-col-sm-3 hp-col-xs-12\"><article class=\"hp-listing-category hp-listing-category--view-block\"><header class=\"hp-listing-category__header\"><div class=\"hp-listing-category__image\">\n\t<a href=\"https:\/\/spotinu.com\/en\/listing-category\/automobiliams-po-stogu\/\">\n\t\t\t\t\t<img decoding=\"async\" src=\"https:\/\/spotinu.com\/wp-content\/uploads\/2025\/10\/uzdaros-aiksteles-400x533.jpg\" alt=\"Automobiliams po stogu\" loading=\"lazy\">\n\t\t\t<\/a>\n<\/div>\n<div class=\"hp-listing-category__item-count hp-listing-category__count\">0 Listings<\/div>\n<\/header><div class=\"hp-listing-category__content\"><h3 class=\"hp-listing-category__name\"><a href=\"https:\/\/spotinu.com\/en\/listing-category\/automobiliams-po-stogu\/\">Automobiliams po stogu<\/a>\n<\/h3><div class=\"hp-listing-category__details hp-listing-category__details--primary\"><\/div><\/div><\/article><\/div><\/div><\/div>\n\n\n<h2 class=\"wp-block-heading has-text-align-center content-title\">Naujausi skelbimai<\/h2>\n\n\n <div class=\"hp-listings hp-block hp-grid\"><div class=\"hp-row\"><div class=\"hp-grid__item hp-col-sm-4 hp-col-xs-12\"><article class=\"hp-listing hp-listing--view-block\"><header class=\"hp-listing__header\"><div class=\"hp-listing__image\" data-component=\"carousel-slider\" data-preview=\"false\" data-url=\"https:\/\/spotinu.com\/en\/listing\/privati-atvira-automobiliu-aikstele-prie-oro-uosto\/\">\n\t\t\t<a href=\"https:\/\/spotinu.com\/en\/listing\/privati-atvira-automobiliu-aikstele-prie-oro-uosto\/\">\n\t\t\t\t\t\t\t<img decoding=\"async\" src=\"https:\/\/spotinu.com\/wp-content\/uploads\/2025\/10\/566567507_1205622624761832_2783347443135899486_n-400x300.jpg\" alt=\"Privati atvira automobili\u0173 aik\u0161tel\u0117 prie oro uosto\" loading=\"lazy\">\n\t\t\t\t\t<\/a>\n\t<\/div>\n<\/header><div class=\"hp-listing__content\">\t<div class=\"hp-listing__categories hp-listing__category\">\n\t\t\t\t\t<a href=\"https:\/\/spotinu.com\/en\/listing-category\/ilgesne-nuoma-nuo-1-paros\/\">Ilgesn\u0117 nuoma (nuo 1 paros)<\/a>\n\t\t\t<\/div>\n\t<h4 class=\"hp-listing__title\"><a href=\"https:\/\/spotinu.com\/en\/listing\/privati-atvira-automobiliu-aikstele-prie-oro-uosto\/\">Privati atvira automobili\u0173 aik\u0161tel\u0117 prie oro uosto<\/a>\n<\/h4><div class=\"hp-listing__details hp-listing__details--primary\">\t<div class=\"hp-listing__location\">\n\t\t<i class=\"hp-icon fas fa-map-marker-alt\"><\/i>\n\t\t\t\t\t<a href=\"https:\/\/www.google.com\/maps\/search\/?api=1&#038;query=54.629818,25.276137\" target=\"_blank\" rel=\"noopener\">Rod\u016bnios Sod\u0173 5-oji g., Vilnius, Vilniaus m. sav.<\/a>\n\t\t\t<\/div>\n\t<time class=\"hp-listing__created-date hp-listing__date hp-meta\" datetime=\"2025-10-27 16:11:14\">\n\tAdded on October 27, 2025<\/time>\n<\/div><\/div><footer class=\"hp-listing__footer\"><div class=\"hp-block hp-listing__attributes hp-listing__attributes--primary\"><div class=\"hp-listing__attribute hp-listing__attribute--price\">&euro;4.00 \/ day<\/div><\/div><div class=\"hp-listing__actions hp-listing__actions--primary\"><\/div><\/footer><\/article><\/div><\/div><\/div>","protected":false},"excerpt":{"rendered":"<p>Spotinu &#8211; i\u0161sinuomok viet\u0105 automobiliui Lietuvoje. Turi laisv\u0105 parkavimo viet\u0105? I\u0161nuomok j\u0105 ir u\u017esidirbk. Parkingo aik\u0161tel\u0117s tavo mieste.<\/p>","protected":false},"author":1,"featured_media":0,"parent":0,"menu_order":0,"comment_status":"closed","ping_status":"closed","template":"","meta":{"footnotes":""},"class_list":["post-8","page","type-page","status-publish","hentry"],"_links":{"self":[{"href":"https:\/\/spotinu.com\/en\/wp-json\/wp\/v2\/pages\/8","targetHints":{"allow":["GET"]}}],"collection":[{"href":"https:\/\/spotinu.com\/en\/wp-json\/wp\/v2\/pages"}],"about":[{"href":"https:\/\/spotinu.com\/en\/wp-json\/wp\/v2\/types\/page"}],"author":[{"embeddable":true,"href":"https:\/\/spotinu.com\/en\/wp-json\/wp\/v2\/users\/1"}],"replies":[{"embeddable":true,"href":"https:\/\/spotinu.com\/en\/wp-json\/wp\/v2\/comments?post=8"}],"version-history":[{"count":12,"href":"https:\/\/spotinu.com\/en\/wp-json\/wp\/v2\/pages\/8\/revisions"}],"predecessor-version":[{"id":310,"href":"https:\/\/spotinu.com\/en\/wp-json\/wp\/v2\/pages\/8\/revisions\/310"}],"wp:attachment":[{"href":"https:\/\/spotinu.com\/en\/wp-json\/wp\/v2\/media?parent=8"}],"curies":[{"name":"wp","href":"https:\/\/api.w.org\/{rel}","templated":true}]}}