{"id":222,"date":"2025-09-15T16:02:20","date_gmt":"2025-09-15T16:02:20","guid":{"rendered":"https:\/\/spotinu.com\/?page_id=222"},"modified":"2025-10-01T18:20:56","modified_gmt":"2025-10-01T18:20:56","slug":"pirkimo-taisykles","status":"publish","type":"page","link":"https:\/\/spotinu.com\/en\/pirkimo-taisykles\/","title":{"rendered":"Pirkimo taisykl\u0117s"},"content":{"rendered":"<p><strong>Preki\u0173 pirkimo &#8211; pardavimo taisykl\u0117s<\/strong><\/p>\n\n\n\n<p><strong>1. Atsiskaitymo b\u016bdai&nbsp;<\/strong><\/p>\n\n\n\n<p>Atsiskaityti u\u017e prekes\/paslaugas SPOTINU platformoje galima naudojantis \u0161iais mok\u0117jimo b\u016bdais:<\/p>\n\n\n\n<p>\u25cf Swedbank elektronine bankininkyste&nbsp;<\/p>\n\n\n\n<p>\u25cf SEB elektronine bankininkyste&nbsp;<\/p>\n\n\n\n<p>\u25cf Luminor elektronine bankininkyste&nbsp;<\/p>\n\n\n\n<p>\u25cf Citadele elektronine bankininkyste&nbsp;<\/p>\n\n\n\n<p>\u25cf \u0160iauli\u0173 banko elektronine bankininkyste&nbsp;<\/p>\n\n\n\n<p>Mok\u0117jimai apdorojami naudojantis MakeCommerce.lt mok\u0117jim\u0173 platforma.&nbsp;<\/p>\n\n\n\n<p><strong>2. Valiuta&nbsp;<\/strong><\/p>\n\n\n\n<p>Visi atsiskaitymai SPOTINU platformoje vykdomi eurais (EUR).&nbsp;<\/p>\n\n\n\n<p><strong>3. U\u017esakymo patvirtinimas&nbsp;<\/strong><\/p>\n\n\n\n<p>U\u017esakymas laikomas galutiniu tik gavus patvirtinim\u0105 apie s\u0117kmingai atlikt\u0105 mok\u0117jim\u0105.&nbsp;<\/p>\n\n\n\n<p><strong>4. Pinig\u0173 gr\u0105\u017einimo politika&nbsp;<\/strong><\/p>\n\n\n\n<p>\u25cf Jei parkavimo vieta neatitinka apra\u0161ymo, klientas turi teis\u0119 per 5 dienas nuo u\u017esakymo pateikimo dienos kreiptis d\u0117l pinig\u0173 gr\u0105\u017einimo ar pakeitimo.&nbsp;<\/p>\n\n\n\n<p>\u25cf Pinigai gr\u0105\u017einami tuo pa\u010diu b\u016bdu, kuriuo buvo atliktas mok\u0117jimas.&nbsp;<\/p>\n\n\n\n<p>\u25cf Nor\u0117damas pasinaudoti pinig\u0173 gr\u0105\u017einimo teise, klientas turi susisiekti su mumis el. pa\u0161tu info@spotinu.com ir pateikti u\u017esakymo numer\u012f bei gr\u0105\u017einimo prie\u017east\u012f.&nbsp;<\/p>\n\n\n\n<p>\u25cf Pinigai gr\u0105\u017einami per 14 darbo dien\u0173 nuo sprendimo patvirtinimo.&nbsp;<\/p>\n\n\n\n<p>\u25cf Jei rezervuojate parkavimo viet\u0105 oro uostuose (Vilnius, Kaunas kt.), galima nemokamai at\u0161aukti rezervacij\u0105 ir gauti piln\u0105 gr\u0105\u017einim\u0105, jeigu at\u0161aukimas atliekamas ne v\u0117liau nei 24 valandos iki rezervacijos prad\u017eios. Jei at\u0161aukiama likus ma\u017eiau nei 24 valandoms iki rezervacijos, klientui taikoma at\u0161aukimo mokestis \u2013 40 % mok\u0117jimo sumos.<\/p>","protected":false},"excerpt":{"rendered":"<p>Preki\u0173 pirkimo &#8211; pardavimo taisykl\u0117s 1. Atsiskaitymo b\u016bdai&nbsp; Atsiskaityti u\u017e prekes\/paslaugas SPOTINU platformoje galima naudojantis \u0161iais mok\u0117jimo b\u016bdais: \u25cf Swedbank elektronine bankininkyste&nbsp; \u25cf SEB elektronine bankininkyste&nbsp; \u25cf Luminor elektronine bankininkyste&nbsp; \u25cf Citadele elektronine bankininkyste&nbsp; \u25cf \u0160iauli\u0173 banko elektronine bankininkyste&nbsp; Mok\u0117jimai apdorojami naudojantis MakeCommerce.lt mok\u0117jim\u0173 platforma.&nbsp; 2. Valiuta&nbsp; Visi atsiskaitymai SPOTINU platformoje vykdomi eurais (EUR).&nbsp; 3. [&hellip;]<\/p>","protected":false},"author":1,"featured_media":0,"parent":0,"menu_order":0,"comment_status":"closed","ping_status":"closed","template":"","meta":{"footnotes":""},"class_list":["post-222","page","type-page","status-publish","hentry"],"_links":{"self":[{"href":"https:\/\/spotinu.com\/en\/wp-json\/wp\/v2\/pages\/222","targetHints":{"allow":["GET"]}}],"collection":[{"href":"https:\/\/spotinu.com\/en\/wp-json\/wp\/v2\/pages"}],"about":[{"href":"https:\/\/spotinu.com\/en\/wp-json\/wp\/v2\/types\/page"}],"author":[{"embeddable":true,"href":"https:\/\/spotinu.com\/en\/wp-json\/wp\/v2\/users\/1"}],"replies":[{"embeddable":true,"href":"https:\/\/spotinu.com\/en\/wp-json\/wp\/v2\/comments?post=222"}],"version-history":[{"count":3,"href":"https:\/\/spotinu.com\/en\/wp-json\/wp\/v2\/pages\/222\/revisions"}],"predecessor-version":[{"id":241,"href":"https:\/\/spotinu.com\/en\/wp-json\/wp\/v2\/pages\/222\/revisions\/241"}],"wp:attachment":[{"href":"https:\/\/spotinu.com\/en\/wp-json\/wp\/v2\/media?parent=222"}],"curies":[{"name":"wp","href":"https:\/\/api.w.org\/{rel}","templated":true}]}}